{"id":12,"date":"2022-05-24T15:46:24","date_gmt":"2022-05-24T13:46:24","guid":{"rendered":"http:\/\/hireq.pl\/?page_id=12"},"modified":"2022-11-02T14:01:29","modified_gmt":"2022-11-02T13:01:29","slug":"home","status":"publish","type":"page","link":"https:\/\/hireq.pl\/","title":{"rendered":"home"},"content":{"rendered":"\t\t<div data-elementor-type=\"wp-post\" data-elementor-id=\"12\" class=\"elementor elementor-12\">\n\t\t\t\t\t\t\t\t\t<section class=\"elementor-section elementor-top-section elementor-element elementor-element-c86c632 elementor-section-stretched elementor-section-boxed elementor-section-height-default elementor-section-height-default\" data-id=\"c86c632\" data-element_type=\"section\" data-settings=\"{&quot;stretch_section&quot;:&quot;section-stretched&quot;}\">\n\t\t\t\t\t\t<div class=\"elementor-container elementor-column-gap-default\">\n\t\t\t\t\t<div class=\"elementor-column elementor-col-100 elementor-top-column elementor-element elementor-element-3ef932a\" data-id=\"3ef932a\" data-element_type=\"column\">\n\t\t\t<div class=\"elementor-widget-wrap elementor-element-populated\">\n\t\t\t\t\t\t\t\t<div class=\"elementor-element elementor-element-d6abc33 elementor-widget elementor-widget-image\" data-id=\"d6abc33\" data-element_type=\"widget\" data-widget_type=\"image.default\">\n\t\t\t\t<div class=\"elementor-widget-container\">\n\t\t\t<style>\/*! elementor - v3.12.1 - 02-04-2023 *\/\n.elementor-widget-image{text-align:center}.elementor-widget-image a{display:inline-block}.elementor-widget-image a img[src$=\".svg\"]{width:48px}.elementor-widget-image img{vertical-align:middle;display:inline-block}<\/style>\t\t\t\t\t\t\t\t\t\t\t\t\t<a href=\"https:\/\/hireq.pl\/index.php\/home\/konkurs\/\">\n\t\t\t\t\t\t\t<img width=\"800\" height=\"450\" src=\"https:\/\/hireq.pl\/wp-content\/uploads\/2022\/11\/qcion-icon-1024x576.png\" class=\"attachment-large size-large wp-image-122\" alt=\"\" loading=\"lazy\" srcset=\"https:\/\/hireq.pl\/wp-content\/uploads\/2022\/11\/qcion-icon-1024x576.png 1024w, https:\/\/hireq.pl\/wp-content\/uploads\/2022\/11\/qcion-icon-300x169.png 300w, https:\/\/hireq.pl\/wp-content\/uploads\/2022\/11\/qcion-icon-768x432.png 768w, https:\/\/hireq.pl\/wp-content\/uploads\/2022\/11\/qcion-icon-1536x864.png 1536w, https:\/\/hireq.pl\/wp-content\/uploads\/2022\/11\/qcion-icon.png 1920w\" sizes=\"(max-width: 800px) 100vw, 800px\" \/>\t\t\t\t\t\t\t\t<\/a>\n\t\t\t\t\t\t\t\t\t\t\t\t\t\t\t<\/div>\n\t\t\t\t<\/div>\n\t\t\t\t<div class=\"elementor-element elementor-element-39d1b65 elementor-widget__width-inherit e-transform elementor-widget elementor-widget-image\" data-id=\"39d1b65\" data-element_type=\"widget\" data-settings=\"{&quot;_transform_scale_effect&quot;:{&quot;unit&quot;:&quot;px&quot;,&quot;size&quot;:0.4,&quot;sizes&quot;:[]},&quot;_transform_scale_effect_tablet&quot;:{&quot;unit&quot;:&quot;px&quot;,&quot;size&quot;:&quot;&quot;,&quot;sizes&quot;:[]},&quot;_transform_scale_effect_mobile&quot;:{&quot;unit&quot;:&quot;px&quot;,&quot;size&quot;:&quot;&quot;,&quot;sizes&quot;:[]}}\" data-widget_type=\"image.default\">\n\t\t\t\t<div class=\"elementor-widget-container\">\n\t\t\t\t\t\t\t\t\t\t\t\t\t\t\t<img width=\"1920\" height=\"536\" src=\"https:\/\/hireq.pl\/wp-content\/uploads\/2022\/05\/HireQ-App.png\" class=\"attachment-full size-full wp-image-4\" alt=\"\" loading=\"lazy\" srcset=\"https:\/\/hireq.pl\/wp-content\/uploads\/2022\/05\/HireQ-App.png 1920w, https:\/\/hireq.pl\/wp-content\/uploads\/2022\/05\/HireQ-App-300x84.png 300w, https:\/\/hireq.pl\/wp-content\/uploads\/2022\/05\/HireQ-App-1024x286.png 1024w, https:\/\/hireq.pl\/wp-content\/uploads\/2022\/05\/HireQ-App-768x214.png 768w, https:\/\/hireq.pl\/wp-content\/uploads\/2022\/05\/HireQ-App-1536x429.png 1536w\" sizes=\"(max-width: 1920px) 100vw, 1920px\" \/>\t\t\t\t\t\t\t\t\t\t\t\t\t\t\t<\/div>\n\t\t\t\t<\/div>\n\t\t\t\t\t<\/div>\n\t\t<\/div>\n\t\t\t\t\t\t\t<\/div>\n\t\t<\/section>\n\t\t\t\t<section class=\"elementor-section elementor-top-section elementor-element elementor-element-c601050 elementor-section-boxed elementor-section-height-default elementor-section-height-default\" data-id=\"c601050\" data-element_type=\"section\">\n\t\t\t\t\t\t<div class=\"elementor-container elementor-column-gap-default\">\n\t\t\t\t\t<div class=\"elementor-column elementor-col-100 elementor-top-column elementor-element elementor-element-b3fa55f\" data-id=\"b3fa55f\" data-element_type=\"column\">\n\t\t\t<div class=\"elementor-widget-wrap elementor-element-populated\">\n\t\t\t\t\t\t\t\t<div class=\"elementor-element elementor-element-d480228 elementor-widget__width-inherit elementor-widget elementor-widget-video\" data-id=\"d480228\" data-element_type=\"widget\" data-settings=\"{&quot;video_type&quot;:&quot;hosted&quot;,&quot;autoplay&quot;:&quot;yes&quot;,&quot;mute&quot;:&quot;yes&quot;,&quot;loop&quot;:&quot;yes&quot;,&quot;controls&quot;:&quot;yes&quot;}\" data-widget_type=\"video.default\">\n\t\t\t\t<div class=\"elementor-widget-container\">\n\t\t\t<style>\/*! elementor - v3.12.1 - 02-04-2023 *\/\n.elementor-widget-video .elementor-widget-container{overflow:hidden;transform:translateZ(0)}.elementor-widget-video .elementor-wrapper iframe,.elementor-widget-video .elementor-wrapper video{height:100%;width:100%;display:flex;border:none;background-color:#000}.elementor-widget-video .elementor-open-inline .elementor-custom-embed-image-overlay{position:absolute;top:0;left:0;width:100%;height:100%;background-size:cover;background-position:50%}.elementor-widget-video .elementor-custom-embed-image-overlay{cursor:pointer;text-align:center}.elementor-widget-video .elementor-custom-embed-image-overlay:hover .elementor-custom-embed-play i{opacity:1}.elementor-widget-video .elementor-custom-embed-image-overlay img{display:block;width:100%}.elementor-widget-video .e-hosted-video .elementor-video{-o-object-fit:cover;object-fit:cover}.e-con-inner>.elementor-widget-video,.e-con>.elementor-widget-video{width:var(--container-widget-width);--flex-grow:var(--container-widget-flex-grow)}<\/style>\t\t<div class=\"e-hosted-video elementor-wrapper elementor-open-inline\">\n\t\t\t\t\t<video class=\"elementor-video\" src=\"http:\/\/hireq.pl\/wp-content\/uploads\/2022\/10\/coin-now-final.mp4\" autoplay=\"\" loop=\"\" controls=\"\" muted=\"muted\" controlsList=\"nodownload\"><\/video>\n\t\t\t\t<\/div>\n\t\t\t\t<\/div>\n\t\t\t\t<\/div>\n\t\t\t\t\t<\/div>\n\t\t<\/div>\n\t\t\t\t\t\t\t<\/div>\n\t\t<\/section>\n\t\t\t\t<section class=\"elementor-section elementor-top-section elementor-element elementor-element-67c0fe4 elementor-section-boxed elementor-section-height-default elementor-section-height-default\" data-id=\"67c0fe4\" data-element_type=\"section\">\n\t\t\t\t\t\t<div class=\"elementor-container elementor-column-gap-default\">\n\t\t\t\t\t<div class=\"elementor-column elementor-col-100 elementor-top-column elementor-element elementor-element-87ffcba\" data-id=\"87ffcba\" data-element_type=\"column\">\n\t\t\t<div class=\"elementor-widget-wrap elementor-element-populated\">\n\t\t\t\t\t\t\t\t<section class=\"elementor-section elementor-inner-section elementor-element elementor-element-c83a86a elementor-section-boxed elementor-section-height-default elementor-section-height-default\" data-id=\"c83a86a\" data-element_type=\"section\">\n\t\t\t\t\t\t<div class=\"elementor-container elementor-column-gap-default\">\n\t\t\t\t\t<div class=\"elementor-column elementor-col-33 elementor-inner-column elementor-element elementor-element-3b08457\" data-id=\"3b08457\" data-element_type=\"column\">\n\t\t\t<div class=\"elementor-widget-wrap elementor-element-populated\">\n\t\t\t\t\t\t\t\t<div class=\"elementor-element elementor-element-9eff3fa elementor-drop-cap-yes elementor-drop-cap-view-default elementor-widget elementor-widget-text-editor\" data-id=\"9eff3fa\" data-element_type=\"widget\" data-settings=\"{&quot;drop_cap&quot;:&quot;yes&quot;}\" data-widget_type=\"text-editor.default\">\n\t\t\t\t<div class=\"elementor-widget-container\">\n\t\t\t<style>\/*! elementor - v3.12.1 - 02-04-2023 *\/\n.elementor-widget-text-editor.elementor-drop-cap-view-stacked .elementor-drop-cap{background-color:#69727d;color:#fff}.elementor-widget-text-editor.elementor-drop-cap-view-framed .elementor-drop-cap{color:#69727d;border:3px solid;background-color:transparent}.elementor-widget-text-editor:not(.elementor-drop-cap-view-default) .elementor-drop-cap{margin-top:8px}.elementor-widget-text-editor:not(.elementor-drop-cap-view-default) .elementor-drop-cap-letter{width:1em;height:1em}.elementor-widget-text-editor .elementor-drop-cap{float:left;text-align:center;line-height:1;font-size:50px}.elementor-widget-text-editor .elementor-drop-cap-letter{display:inline-block}<\/style>\t\t\t\t<p>Przegl\u0105daj interesuj\u0105ce artyku\u0142y, kt\u00f3re u\u0142atwi\u0105 i umil\u0105 Ci \u017cycie w Polsce. To nasza skarbnica wiedzy.<\/p>\t\t\t\t\t\t<\/div>\n\t\t\t\t<\/div>\n\t\t\t\t\t<\/div>\n\t\t<\/div>\n\t\t\t\t<div class=\"elementor-column elementor-col-33 elementor-inner-column elementor-element elementor-element-b1d90a8\" data-id=\"b1d90a8\" data-element_type=\"column\">\n\t\t\t<div class=\"elementor-widget-wrap elementor-element-populated\">\n\t\t\t\t\t\t\t\t<div class=\"elementor-element elementor-element-f1dd2ce e-transform elementor-widget elementor-widget-image\" data-id=\"f1dd2ce\" data-element_type=\"widget\" data-settings=\"{&quot;_transform_scale_effect&quot;:{&quot;unit&quot;:&quot;px&quot;,&quot;size&quot;:2,&quot;sizes&quot;:[]},&quot;_transform_scale_effect_tablet&quot;:{&quot;unit&quot;:&quot;px&quot;,&quot;size&quot;:&quot;&quot;,&quot;sizes&quot;:[]},&quot;_transform_scale_effect_mobile&quot;:{&quot;unit&quot;:&quot;px&quot;,&quot;size&quot;:&quot;&quot;,&quot;sizes&quot;:[]}}\" data-widget_type=\"image.default\">\n\t\t\t\t<div class=\"elementor-widget-container\">\n\t\t\t\t\t\t\t\t\t\t\t\t\t\t\t<img width=\"800\" height=\"520\" src=\"https:\/\/hireq.pl\/wp-content\/uploads\/2022\/10\/glowna-strona-2-1024x666.png\" class=\"attachment-large size-large wp-image-100\" alt=\"\" loading=\"lazy\" srcset=\"https:\/\/hireq.pl\/wp-content\/uploads\/2022\/10\/glowna-strona-2-1024x666.png 1024w, https:\/\/hireq.pl\/wp-content\/uploads\/2022\/10\/glowna-strona-2-300x195.png 300w, https:\/\/hireq.pl\/wp-content\/uploads\/2022\/10\/glowna-strona-2-768x499.png 768w, https:\/\/hireq.pl\/wp-content\/uploads\/2022\/10\/glowna-strona-2-1536x998.png 1536w, https:\/\/hireq.pl\/wp-content\/uploads\/2022\/10\/glowna-strona-2.png 2000w\" sizes=\"(max-width: 800px) 100vw, 800px\" \/>\t\t\t\t\t\t\t\t\t\t\t\t\t\t\t<\/div>\n\t\t\t\t<\/div>\n\t\t\t\t\t<\/div>\n\t\t<\/div>\n\t\t\t\t<div class=\"elementor-column elementor-col-33 elementor-inner-column elementor-element elementor-element-da758d1\" data-id=\"da758d1\" data-element_type=\"column\">\n\t\t\t<div class=\"elementor-widget-wrap\">\n\t\t\t\t\t\t\t\t\t<\/div>\n\t\t<\/div>\n\t\t\t\t\t\t\t<\/div>\n\t\t<\/section>\n\t\t\t\t<section class=\"elementor-section elementor-inner-section elementor-element elementor-element-e81d255 elementor-section-boxed elementor-section-height-default elementor-section-height-default\" data-id=\"e81d255\" data-element_type=\"section\">\n\t\t\t\t\t\t<div class=\"elementor-container elementor-column-gap-default\">\n\t\t\t\t\t<div class=\"elementor-column elementor-col-33 elementor-inner-column elementor-element elementor-element-0925086\" data-id=\"0925086\" data-element_type=\"column\">\n\t\t\t<div class=\"elementor-widget-wrap\">\n\t\t\t\t\t\t\t\t\t<\/div>\n\t\t<\/div>\n\t\t\t\t<div class=\"elementor-column elementor-col-33 elementor-inner-column elementor-element elementor-element-df53747\" data-id=\"df53747\" data-element_type=\"column\">\n\t\t\t<div class=\"elementor-widget-wrap elementor-element-populated\">\n\t\t\t\t\t\t\t\t<div class=\"elementor-element elementor-element-29d7e33 e-transform elementor-widget elementor-widget-image\" data-id=\"29d7e33\" data-element_type=\"widget\" data-settings=\"{&quot;_transform_scale_effect&quot;:{&quot;unit&quot;:&quot;px&quot;,&quot;size&quot;:2,&quot;sizes&quot;:[]},&quot;_transform_scale_effect_tablet&quot;:{&quot;unit&quot;:&quot;px&quot;,&quot;size&quot;:&quot;&quot;,&quot;sizes&quot;:[]},&quot;_transform_scale_effect_mobile&quot;:{&quot;unit&quot;:&quot;px&quot;,&quot;size&quot;:&quot;&quot;,&quot;sizes&quot;:[]}}\" data-widget_type=\"image.default\">\n\t\t\t\t<div class=\"elementor-widget-container\">\n\t\t\t\t\t\t\t\t\t\t\t\t\t\t\t<img width=\"800\" height=\"520\" src=\"https:\/\/hireq.pl\/wp-content\/uploads\/2022\/10\/praca-2-1024x666.png\" class=\"attachment-large size-large wp-image-101\" alt=\"\" loading=\"lazy\" srcset=\"https:\/\/hireq.pl\/wp-content\/uploads\/2022\/10\/praca-2-1024x666.png 1024w, https:\/\/hireq.pl\/wp-content\/uploads\/2022\/10\/praca-2-300x195.png 300w, https:\/\/hireq.pl\/wp-content\/uploads\/2022\/10\/praca-2-768x499.png 768w, https:\/\/hireq.pl\/wp-content\/uploads\/2022\/10\/praca-2-1536x998.png 1536w, https:\/\/hireq.pl\/wp-content\/uploads\/2022\/10\/praca-2.png 2000w\" sizes=\"(max-width: 800px) 100vw, 800px\" \/>\t\t\t\t\t\t\t\t\t\t\t\t\t\t\t<\/div>\n\t\t\t\t<\/div>\n\t\t\t\t\t<\/div>\n\t\t<\/div>\n\t\t\t\t<div class=\"elementor-column elementor-col-33 elementor-inner-column elementor-element elementor-element-a4b258e\" data-id=\"a4b258e\" data-element_type=\"column\">\n\t\t\t<div class=\"elementor-widget-wrap elementor-element-populated\">\n\t\t\t\t\t\t\t\t<div class=\"elementor-element elementor-element-b39cb4d elementor-drop-cap-yes elementor-drop-cap-view-default elementor-widget elementor-widget-text-editor\" data-id=\"b39cb4d\" data-element_type=\"widget\" data-settings=\"{&quot;drop_cap&quot;:&quot;yes&quot;}\" data-widget_type=\"text-editor.default\">\n\t\t\t\t<div class=\"elementor-widget-container\">\n\t\t\t\t\t\t\t<p>Oferty pracy od sprawdzonych pracodawc\u00f3w. Znajd\u017a co\u015b dla siebie. Aplikuj, a my zajmiemy si\u0119 reszt\u0105! U nas zawsze mo\u017cesz liczy\u0107 na 100% pomoc, podczas organizacji pobytu w Polsce.<\/p><p>\u00a0<\/p>\t\t\t\t\t\t<\/div>\n\t\t\t\t<\/div>\n\t\t\t\t\t<\/div>\n\t\t<\/div>\n\t\t\t\t\t\t\t<\/div>\n\t\t<\/section>\n\t\t\t\t\t<\/div>\n\t\t<\/div>\n\t\t\t\t\t\t\t<\/div>\n\t\t<\/section>\n\t\t\t\t<section class=\"elementor-section elementor-top-section elementor-element elementor-element-be6811a elementor-section-boxed elementor-section-height-default elementor-section-height-default\" data-id=\"be6811a\" data-element_type=\"section\">\n\t\t\t\t\t\t<div class=\"elementor-container elementor-column-gap-default\">\n\t\t\t\t\t<div class=\"elementor-column elementor-col-100 elementor-top-column elementor-element elementor-element-586e22a\" data-id=\"586e22a\" data-element_type=\"column\">\n\t\t\t<div class=\"elementor-widget-wrap elementor-element-populated\">\n\t\t\t\t\t\t\t\t<section class=\"elementor-section elementor-inner-section elementor-element elementor-element-4e594f9 elementor-section-boxed elementor-section-height-default elementor-section-height-default\" data-id=\"4e594f9\" data-element_type=\"section\">\n\t\t\t\t\t\t<div class=\"elementor-container elementor-column-gap-default\">\n\t\t\t\t\t<div class=\"elementor-column elementor-col-33 elementor-inner-column elementor-element elementor-element-67c249e\" data-id=\"67c249e\" data-element_type=\"column\">\n\t\t\t<div class=\"elementor-widget-wrap elementor-element-populated\">\n\t\t\t\t\t\t\t\t<div class=\"elementor-element elementor-element-cb29ffa elementor-drop-cap-yes elementor-drop-cap-view-default elementor-widget elementor-widget-text-editor\" data-id=\"cb29ffa\" data-element_type=\"widget\" data-settings=\"{&quot;drop_cap&quot;:&quot;yes&quot;}\" data-widget_type=\"text-editor.default\">\n\t\t\t\t<div class=\"elementor-widget-container\">\n\t\t\t\t\t\t\t<p>Zbieraj punkty QCoin, za polecanie aplikacji znajomym! Je\u015bli kto\u015b z nich znajdzie prac\u0119 przez nasz\u0105 aplikacj\u0119 otrzymasz za to dodatkowe punkty. Nie b\u00f3j si\u0119! Tw\u00f3j znajomy r\u00f3wnie\u017c je otrzyma.<\/p><p>A ju\u017c nied\u0142ugo &#8211; ca\u0142a masa mo\u017cliwo\u015bci zbierania punkt\u00f3w! Nie przegap, b\u0105d\u017a na bie\u017c\u0105co.<\/p>\t\t\t\t\t\t<\/div>\n\t\t\t\t<\/div>\n\t\t\t\t\t<\/div>\n\t\t<\/div>\n\t\t\t\t<div class=\"elementor-column elementor-col-33 elementor-inner-column elementor-element elementor-element-bc1a912\" data-id=\"bc1a912\" data-element_type=\"column\">\n\t\t\t<div class=\"elementor-widget-wrap elementor-element-populated\">\n\t\t\t\t\t\t\t\t<div class=\"elementor-element elementor-element-7fdaf74 e-transform elementor-widget elementor-widget-image\" data-id=\"7fdaf74\" data-element_type=\"widget\" data-settings=\"{&quot;_transform_scale_effect&quot;:{&quot;unit&quot;:&quot;px&quot;,&quot;size&quot;:2,&quot;sizes&quot;:[]},&quot;_transform_scale_effect_tablet&quot;:{&quot;unit&quot;:&quot;px&quot;,&quot;size&quot;:&quot;&quot;,&quot;sizes&quot;:[]},&quot;_transform_scale_effect_mobile&quot;:{&quot;unit&quot;:&quot;px&quot;,&quot;size&quot;:&quot;&quot;,&quot;sizes&quot;:[]}}\" data-widget_type=\"image.default\">\n\t\t\t\t<div class=\"elementor-widget-container\">\n\t\t\t\t\t\t\t\t\t\t\t\t\t\t\t<img width=\"800\" height=\"520\" src=\"https:\/\/hireq.pl\/wp-content\/uploads\/2022\/10\/punkt-2-1024x666.png\" class=\"attachment-large size-large wp-image-102\" alt=\"\" loading=\"lazy\" srcset=\"https:\/\/hireq.pl\/wp-content\/uploads\/2022\/10\/punkt-2-1024x666.png 1024w, https:\/\/hireq.pl\/wp-content\/uploads\/2022\/10\/punkt-2-300x195.png 300w, https:\/\/hireq.pl\/wp-content\/uploads\/2022\/10\/punkt-2-768x499.png 768w, https:\/\/hireq.pl\/wp-content\/uploads\/2022\/10\/punkt-2-1536x998.png 1536w, https:\/\/hireq.pl\/wp-content\/uploads\/2022\/10\/punkt-2.png 2000w\" sizes=\"(max-width: 800px) 100vw, 800px\" \/>\t\t\t\t\t\t\t\t\t\t\t\t\t\t\t<\/div>\n\t\t\t\t<\/div>\n\t\t\t\t\t<\/div>\n\t\t<\/div>\n\t\t\t\t<div class=\"elementor-column elementor-col-33 elementor-inner-column elementor-element elementor-element-07d17f8\" data-id=\"07d17f8\" data-element_type=\"column\">\n\t\t\t<div class=\"elementor-widget-wrap elementor-element-populated\">\n\t\t\t\t\t\t\t\t<div class=\"elementor-element elementor-element-7c532a3 elementor-widget elementor-widget-text-editor\" data-id=\"7c532a3\" data-element_type=\"widget\" data-widget_type=\"text-editor.default\">\n\t\t\t\t<div class=\"elementor-widget-container\">\n\t\t\t\t\t\t\t<p>We wczesnym etapie programu lojalno\u015bciowego, b\u0119dziemy nagradza\u0107 ludzi z najwi\u0119ksz\u0105 liczb\u0105 punkt\u00f3w QCoin, nast\u0119pnie otworzymy sklep w kt\u00f3rym b\u0119dziesz m\u00f3g\u0142 wymieni\u0107 QCoin na wspania\u0142e nagrody!<\/p>\t\t\t\t\t\t<\/div>\n\t\t\t\t<\/div>\n\t\t\t\t\t<\/div>\n\t\t<\/div>\n\t\t\t\t\t\t\t<\/div>\n\t\t<\/section>\n\t\t\t\t\t<\/div>\n\t\t<\/div>\n\t\t\t\t\t\t\t<\/div>\n\t\t<\/section>\n\t\t\t\t<section class=\"elementor-section elementor-top-section elementor-element elementor-element-75b6227 elementor-section-boxed elementor-section-height-default elementor-section-height-default\" data-id=\"75b6227\" data-element_type=\"section\">\n\t\t\t\t\t\t<div class=\"elementor-container elementor-column-gap-default\">\n\t\t\t\t\t<div class=\"elementor-column elementor-col-100 elementor-top-column elementor-element elementor-element-c2f9ed0\" data-id=\"c2f9ed0\" data-element_type=\"column\">\n\t\t\t<div class=\"elementor-widget-wrap elementor-element-populated\">\n\t\t\t\t\t\t\t\t<div class=\"elementor-element elementor-element-73b97fb elementor-widget elementor-widget-heading\" data-id=\"73b97fb\" data-element_type=\"widget\" data-widget_type=\"heading.default\">\n\t\t\t\t<div class=\"elementor-widget-container\">\n\t\t\t<style>\/*! elementor - v3.12.1 - 02-04-2023 *\/\n.elementor-heading-title{padding:0;margin:0;line-height:1}.elementor-widget-heading .elementor-heading-title[class*=elementor-size-]>a{color:inherit;font-size:inherit;line-height:inherit}.elementor-widget-heading .elementor-heading-title.elementor-size-small{font-size:15px}.elementor-widget-heading .elementor-heading-title.elementor-size-medium{font-size:19px}.elementor-widget-heading .elementor-heading-title.elementor-size-large{font-size:29px}.elementor-widget-heading .elementor-heading-title.elementor-size-xl{font-size:39px}.elementor-widget-heading .elementor-heading-title.elementor-size-xxl{font-size:59px}<\/style><h1 class=\"elementor-heading-title elementor-size-large\">POBIERZ ZE SKLEP\u00d3W:<\/h1>\t\t<\/div>\n\t\t\t\t<\/div>\n\t\t\t\t\t<\/div>\n\t\t<\/div>\n\t\t\t\t\t\t\t<\/div>\n\t\t<\/section>\n\t\t\t\t<section class=\"elementor-section elementor-top-section elementor-element elementor-element-778a2fc elementor-section-content-middle elementor-section-stretched elementor-section-boxed elementor-section-height-default elementor-section-height-default\" data-id=\"778a2fc\" data-element_type=\"section\" data-settings=\"{&quot;stretch_section&quot;:&quot;section-stretched&quot;}\">\n\t\t\t\t\t\t<div class=\"elementor-container elementor-column-gap-default\">\n\t\t\t\t\t<div class=\"elementor-column elementor-col-50 elementor-top-column elementor-element elementor-element-7a2553f\" data-id=\"7a2553f\" data-element_type=\"column\">\n\t\t\t<div class=\"elementor-widget-wrap elementor-element-populated\">\n\t\t\t\t\t\t\t\t<div class=\"elementor-element elementor-element-62b4cdf elementor-widget__width-auto elementor-widget elementor-widget-image\" data-id=\"62b4cdf\" data-element_type=\"widget\" data-widget_type=\"image.default\">\n\t\t\t\t<div class=\"elementor-widget-container\">\n\t\t\t\t\t\t\t\t\t\t\t\t\t\t\t\t<a href=\"https:\/\/play.google.com\/store\/apps\/details?id=online.hireq\">\n\t\t\t\t\t\t\t<img width=\"800\" height=\"237\" src=\"https:\/\/hireq.pl\/wp-content\/uploads\/2022\/05\/google-play-badge-logo-png-transparent-810x240-1.png\" class=\"attachment-large size-large wp-image-22\" alt=\"HireQ app download Google Play\" loading=\"lazy\" srcset=\"https:\/\/hireq.pl\/wp-content\/uploads\/2022\/05\/google-play-badge-logo-png-transparent-810x240-1.png 810w, https:\/\/hireq.pl\/wp-content\/uploads\/2022\/05\/google-play-badge-logo-png-transparent-810x240-1-300x89.png 300w, https:\/\/hireq.pl\/wp-content\/uploads\/2022\/05\/google-play-badge-logo-png-transparent-810x240-1-768x228.png 768w\" sizes=\"(max-width: 800px) 100vw, 800px\" \/>\t\t\t\t\t\t\t\t<\/a>\n\t\t\t\t\t\t\t\t\t\t\t\t\t\t\t<\/div>\n\t\t\t\t<\/div>\n\t\t\t\t\t<\/div>\n\t\t<\/div>\n\t\t\t\t<div class=\"elementor-column elementor-col-50 elementor-top-column elementor-element elementor-element-330b167\" data-id=\"330b167\" data-element_type=\"column\">\n\t\t\t<div class=\"elementor-widget-wrap elementor-element-populated\">\n\t\t\t\t\t\t\t\t<div class=\"elementor-element elementor-element-ba63bef e-transform elementor-widget elementor-widget-image\" data-id=\"ba63bef\" data-element_type=\"widget\" data-settings=\"{&quot;_transform_scale_effect&quot;:{&quot;unit&quot;:&quot;px&quot;,&quot;size&quot;:0.85,&quot;sizes&quot;:[]},&quot;_transform_scale_effect_tablet&quot;:{&quot;unit&quot;:&quot;px&quot;,&quot;size&quot;:&quot;&quot;,&quot;sizes&quot;:[]},&quot;_transform_scale_effect_mobile&quot;:{&quot;unit&quot;:&quot;px&quot;,&quot;size&quot;:&quot;&quot;,&quot;sizes&quot;:[]}}\" data-widget_type=\"image.default\">\n\t\t\t\t<div class=\"elementor-widget-container\">\n\t\t\t\t\t\t\t\t\t\t\t\t\t\t\t\t<a href=\"https:\/\/apps.apple.com\/app\/hireq-app\/id1623340262\">\n\t\t\t\t\t\t\t<img width=\"800\" height=\"282\" src=\"https:\/\/hireq.pl\/wp-content\/uploads\/2022\/05\/NicePng_itunes-logo-png_179971.png\" class=\"attachment-large size-large wp-image-21\" alt=\"\" loading=\"lazy\" srcset=\"https:\/\/hireq.pl\/wp-content\/uploads\/2022\/05\/NicePng_itunes-logo-png_179971.png 902w, https:\/\/hireq.pl\/wp-content\/uploads\/2022\/05\/NicePng_itunes-logo-png_179971-300x106.png 300w, https:\/\/hireq.pl\/wp-content\/uploads\/2022\/05\/NicePng_itunes-logo-png_179971-768x271.png 768w\" sizes=\"(max-width: 800px) 100vw, 800px\" \/>\t\t\t\t\t\t\t\t<\/a>\n\t\t\t\t\t\t\t\t\t\t\t\t\t\t\t<\/div>\n\t\t\t\t<\/div>\n\t\t\t\t\t<\/div>\n\t\t<\/div>\n\t\t\t\t\t\t\t<\/div>\n\t\t<\/section>\n\t\t\t\t\t\t\t<\/div>\n\t\t","protected":false},"excerpt":{"rendered":"<p>http:\/\/hireq.pl\/wp-content\/uploads\/2022\/10\/coin-now-final.mp4 Przegl\u0105daj interesuj\u0105ce artyku\u0142y, kt\u00f3re u\u0142atwi\u0105 i umil\u0105 Ci \u017cycie w Polsce. To nasza skarbnica wiedzy. Oferty pracy od sprawdzonych pracodawc\u00f3w. Znajd\u017a co\u015b dla siebie. Aplikuj, a my zajmiemy si\u0119 reszt\u0105! U nas zawsze mo\u017cesz liczy\u0107 na 100% pomoc, podczas organizacji pobytu w Polsce. \u00a0 Zbieraj punkty QCoin, za polecanie aplikacji znajomym! Je\u015bli kto\u015b z [&hellip;]<\/p>\n","protected":false},"author":1,"featured_media":0,"parent":0,"menu_order":0,"comment_status":"closed","ping_status":"closed","template":"elementor_header_footer","meta":{"om_disable_all_campaigns":false,"_mi_skip_tracking":false},"aioseo_notices":[],"_links":{"self":[{"href":"https:\/\/hireq.pl\/index.php\/wp-json\/wp\/v2\/pages\/12"}],"collection":[{"href":"https:\/\/hireq.pl\/index.php\/wp-json\/wp\/v2\/pages"}],"about":[{"href":"https:\/\/hireq.pl\/index.php\/wp-json\/wp\/v2\/types\/page"}],"author":[{"embeddable":true,"href":"https:\/\/hireq.pl\/index.php\/wp-json\/wp\/v2\/users\/1"}],"replies":[{"embeddable":true,"href":"https:\/\/hireq.pl\/index.php\/wp-json\/wp\/v2\/comments?post=12"}],"version-history":[{"count":80,"href":"https:\/\/hireq.pl\/index.php\/wp-json\/wp\/v2\/pages\/12\/revisions"}],"predecessor-version":[{"id":130,"href":"https:\/\/hireq.pl\/index.php\/wp-json\/wp\/v2\/pages\/12\/revisions\/130"}],"wp:attachment":[{"href":"https:\/\/hireq.pl\/index.php\/wp-json\/wp\/v2\/media?parent=12"}],"curies":[{"name":"wp","href":"https:\/\/api.w.org\/{rel}","templated":true}]}}