{"id":251,"date":"2023-01-25T11:47:01","date_gmt":"2023-01-25T10:47:01","guid":{"rendered":"https:\/\/hireq.pl\/?page_id=251"},"modified":"2023-01-25T12:19:19","modified_gmt":"2023-01-25T11:19:19","slug":"wizytowka","status":"publish","type":"page","link":"https:\/\/hireq.pl\/index.php\/wizytowka\/","title":{"rendered":"Wizyt\u00f3wka"},"content":{"rendered":"\t\t<div data-elementor-type=\"wp-page\" data-elementor-id=\"251\" class=\"elementor elementor-251\">\n\t\t\t\t\t\t\t\t\t<section class=\"elementor-section elementor-top-section elementor-element elementor-element-bde6ea0 elementor-section-boxed elementor-section-height-default elementor-section-height-default\" data-id=\"bde6ea0\" data-element_type=\"section\">\n\t\t\t\t\t\t<div class=\"elementor-container elementor-column-gap-default\">\n\t\t\t\t\t<div class=\"elementor-column elementor-col-50 elementor-top-column elementor-element elementor-element-9b0ba78\" data-id=\"9b0ba78\" data-element_type=\"column\">\n\t\t\t<div class=\"elementor-widget-wrap elementor-element-populated\">\n\t\t\t\t\t\t\t\t<div class=\"elementor-element elementor-element-186201b elementor-widget elementor-widget-image\" data-id=\"186201b\" data-element_type=\"widget\" data-widget_type=\"image.default\">\n\t\t\t\t<div class=\"elementor-widget-container\">\n\t\t\t<style>\/*! elementor - v3.12.1 - 02-04-2023 *\/\n.elementor-widget-image{text-align:center}.elementor-widget-image a{display:inline-block}.elementor-widget-image a img[src$=\".svg\"]{width:48px}.elementor-widget-image img{vertical-align:middle;display:inline-block}<\/style>\t\t\t\t\t\t\t\t\t\t\t\t<img width=\"240\" height=\"67\" src=\"https:\/\/hireq.pl\/wp-content\/uploads\/2022\/05\/cropped-HireQ-App-1.png\" class=\"attachment-large size-large wp-image-7\" alt=\"\" loading=\"lazy\" \/>\t\t\t\t\t\t\t\t\t\t\t\t\t\t\t<\/div>\n\t\t\t\t<\/div>\n\t\t\t\t\t<\/div>\n\t\t<\/div>\n\t\t\t\t<div class=\"elementor-column elementor-col-50 elementor-top-column elementor-element elementor-element-ab35351\" data-id=\"ab35351\" data-element_type=\"column\">\n\t\t\t<div class=\"elementor-widget-wrap elementor-element-populated\">\n\t\t\t\t\t\t\t\t<div class=\"elementor-element elementor-element-4e06b68 elementor-widget elementor-widget-heading\" data-id=\"4e06b68\" data-element_type=\"widget\" data-widget_type=\"heading.default\">\n\t\t\t\t<div class=\"elementor-widget-container\">\n\t\t\t<style>\/*! elementor - v3.12.1 - 02-04-2023 *\/\n.elementor-heading-title{padding:0;margin:0;line-height:1}.elementor-widget-heading .elementor-heading-title[class*=elementor-size-]>a{color:inherit;font-size:inherit;line-height:inherit}.elementor-widget-heading .elementor-heading-title.elementor-size-small{font-size:15px}.elementor-widget-heading .elementor-heading-title.elementor-size-medium{font-size:19px}.elementor-widget-heading .elementor-heading-title.elementor-size-large{font-size:29px}.elementor-widget-heading .elementor-heading-title.elementor-size-xl{font-size:39px}.elementor-widget-heading .elementor-heading-title.elementor-size-xxl{font-size:59px}<\/style><h2 class=\"elementor-heading-title elementor-size-medium\">Dzi\u0119kujemy \u017ce tu jeste\u015b. Przejd\u017a na nasze platformy:<\/h2>\t\t<\/div>\n\t\t\t\t<\/div>\n\t\t\t\t\t<\/div>\n\t\t<\/div>\n\t\t\t\t\t\t\t<\/div>\n\t\t<\/section>\n\t\t\t\t<section class=\"elementor-section elementor-top-section elementor-element elementor-element-9ac9fd5 elementor-section-boxed elementor-section-height-default elementor-section-height-default\" data-id=\"9ac9fd5\" data-element_type=\"section\">\n\t\t\t\t\t\t<div class=\"elementor-container elementor-column-gap-default\">\n\t\t\t\t\t<div class=\"elementor-column elementor-col-50 elementor-top-column elementor-element elementor-element-677216a\" data-id=\"677216a\" data-element_type=\"column\">\n\t\t\t<div class=\"elementor-widget-wrap elementor-element-populated\">\n\t\t\t\t\t\t\t\t<div class=\"elementor-element elementor-element-10e9f24 elementor-widget elementor-widget-image\" data-id=\"10e9f24\" data-element_type=\"widget\" data-widget_type=\"image.default\">\n\t\t\t\t<div class=\"elementor-widget-container\">\n\t\t\t\t\t\t\t\t\t\t\t\t\t\t\t\t<a href=\"https:\/\/www.instagram.com\/hireq.app.job\/\">\n\t\t\t\t\t\t\t<img width=\"150\" height=\"150\" src=\"https:\/\/hireq.pl\/wp-content\/uploads\/2023\/01\/\u2014Pngtree\u2014instagram-logo-icon_3588821-150x150.png\" class=\"attachment-thumbnail size-thumbnail wp-image-263\" alt=\"\" loading=\"lazy\" srcset=\"https:\/\/hireq.pl\/wp-content\/uploads\/2023\/01\/\u2014Pngtree\u2014instagram-logo-icon_3588821-150x150.png 150w, https:\/\/hireq.pl\/wp-content\/uploads\/2023\/01\/\u2014Pngtree\u2014instagram-logo-icon_3588821-300x300.png 300w, https:\/\/hireq.pl\/wp-content\/uploads\/2023\/01\/\u2014Pngtree\u2014instagram-logo-icon_3588821-768x768.png 768w, https:\/\/hireq.pl\/wp-content\/uploads\/2023\/01\/\u2014Pngtree\u2014instagram-logo-icon_3588821.png 800w\" sizes=\"(max-width: 150px) 100vw, 150px\" \/>\t\t\t\t\t\t\t\t<\/a>\n\t\t\t\t\t\t\t\t\t\t\t\t\t\t\t<\/div>\n\t\t\t\t<\/div>\n\t\t\t\t\t<\/div>\n\t\t<\/div>\n\t\t\t\t<div class=\"elementor-column elementor-col-50 elementor-top-column elementor-element elementor-element-7456a91\" data-id=\"7456a91\" data-element_type=\"column\">\n\t\t\t<div class=\"elementor-widget-wrap elementor-element-populated\">\n\t\t\t\t\t\t\t\t<div class=\"elementor-element elementor-element-c27cba8 elementor-widget elementor-widget-image\" data-id=\"c27cba8\" data-element_type=\"widget\" data-widget_type=\"image.default\">\n\t\t\t\t<div class=\"elementor-widget-container\">\n\t\t\t\t\t\t\t\t\t\t\t\t\t\t\t\t<a href=\"https:\/\/www.tiktok.com\/@hireqapp\">\n\t\t\t\t\t\t\t<img width=\"150\" height=\"150\" src=\"https:\/\/hireq.pl\/wp-content\/uploads\/2023\/01\/602179070ad3230004b93c28-150x150.png\" class=\"attachment-thumbnail size-thumbnail wp-image-262\" alt=\"\" loading=\"lazy\" srcset=\"https:\/\/hireq.pl\/wp-content\/uploads\/2023\/01\/602179070ad3230004b93c28-150x150.png 150w, https:\/\/hireq.pl\/wp-content\/uploads\/2023\/01\/602179070ad3230004b93c28-300x300.png 300w, https:\/\/hireq.pl\/wp-content\/uploads\/2023\/01\/602179070ad3230004b93c28.png 490w\" sizes=\"(max-width: 150px) 100vw, 150px\" \/>\t\t\t\t\t\t\t\t<\/a>\n\t\t\t\t\t\t\t\t\t\t\t\t\t\t\t<\/div>\n\t\t\t\t<\/div>\n\t\t\t\t\t<\/div>\n\t\t<\/div>\n\t\t\t\t\t\t\t<\/div>\n\t\t<\/section>\n\t\t\t\t<section class=\"elementor-section elementor-top-section elementor-element elementor-element-32b291e elementor-section-boxed elementor-section-height-default elementor-section-height-default\" data-id=\"32b291e\" data-element_type=\"section\">\n\t\t\t\t\t\t<div class=\"elementor-container elementor-column-gap-default\">\n\t\t\t\t\t<div class=\"elementor-column elementor-col-100 elementor-top-column elementor-element elementor-element-a4cf728\" data-id=\"a4cf728\" data-element_type=\"column\">\n\t\t\t<div class=\"elementor-widget-wrap elementor-element-populated\">\n\t\t\t\t\t\t\t\t<div class=\"elementor-element elementor-element-cfbeac3 elementor-widget elementor-widget-image\" data-id=\"cfbeac3\" data-element_type=\"widget\" data-widget_type=\"image.default\">\n\t\t\t\t<div class=\"elementor-widget-container\">\n\t\t\t\t\t\t\t\t\t\t\t\t\t\t\t\t<a href=\"https:\/\/www.youtube.com\/@hireqapp\">\n\t\t\t\t\t\t\t<img width=\"150\" height=\"150\" src=\"https:\/\/hireq.pl\/wp-content\/uploads\/2023\/01\/\u2014Pngtree\u2014youtube-social-media-round-icon_8704829-150x150.png\" class=\"attachment-thumbnail size-thumbnail wp-image-274\" alt=\"\" loading=\"lazy\" srcset=\"https:\/\/hireq.pl\/wp-content\/uploads\/2023\/01\/\u2014Pngtree\u2014youtube-social-media-round-icon_8704829-150x150.png 150w, https:\/\/hireq.pl\/wp-content\/uploads\/2023\/01\/\u2014Pngtree\u2014youtube-social-media-round-icon_8704829-300x300.png 300w, https:\/\/hireq.pl\/wp-content\/uploads\/2023\/01\/\u2014Pngtree\u2014youtube-social-media-round-icon_8704829-1024x1024.png 1024w, https:\/\/hireq.pl\/wp-content\/uploads\/2023\/01\/\u2014Pngtree\u2014youtube-social-media-round-icon_8704829-768x768.png 768w, https:\/\/hireq.pl\/wp-content\/uploads\/2023\/01\/\u2014Pngtree\u2014youtube-social-media-round-icon_8704829.png 1200w\" sizes=\"(max-width: 150px) 100vw, 150px\" \/>\t\t\t\t\t\t\t\t<\/a>\n\t\t\t\t\t\t\t\t\t\t\t\t\t\t\t<\/div>\n\t\t\t\t<\/div>\n\t\t\t\t\t<\/div>\n\t\t<\/div>\n\t\t\t\t\t\t\t<\/div>\n\t\t<\/section>\n\t\t\t\t<section class=\"elementor-section elementor-top-section elementor-element elementor-element-56702cb elementor-section-boxed elementor-section-height-default elementor-section-height-default\" data-id=\"56702cb\" data-element_type=\"section\">\n\t\t\t\t\t\t<div class=\"elementor-container elementor-column-gap-default\">\n\t\t\t\t\t<div class=\"elementor-column elementor-col-100 elementor-top-column elementor-element elementor-element-eec0a74\" data-id=\"eec0a74\" data-element_type=\"column\">\n\t\t\t<div class=\"elementor-widget-wrap elementor-element-populated\">\n\t\t\t\t\t\t\t\t<div class=\"elementor-element elementor-element-ff202b9 elementor-widget elementor-widget-image\" data-id=\"ff202b9\" data-element_type=\"widget\" data-widget_type=\"image.default\">\n\t\t\t\t<div class=\"elementor-widget-container\">\n\t\t\t\t\t\t\t\t\t\t\t\t\t\t\t\t<a href=\"http:\/\/hireq.pl\">\n\t\t\t\t\t\t\t<img width=\"150\" height=\"150\" src=\"https:\/\/hireq.pl\/wp-content\/uploads\/2023\/01\/www-icon-5361-150x150.png\" class=\"attachment-thumbnail size-thumbnail wp-image-261\" alt=\"\" loading=\"lazy\" srcset=\"https:\/\/hireq.pl\/wp-content\/uploads\/2023\/01\/www-icon-5361-150x150.png 150w, https:\/\/hireq.pl\/wp-content\/uploads\/2023\/01\/www-icon-5361-300x300.png 300w, https:\/\/hireq.pl\/wp-content\/uploads\/2023\/01\/www-icon-5361.png 512w\" sizes=\"(max-width: 150px) 100vw, 150px\" \/>\t\t\t\t\t\t\t\t<\/a>\n\t\t\t\t\t\t\t\t\t\t\t\t\t\t\t<\/div>\n\t\t\t\t<\/div>\n\t\t\t\t\t<\/div>\n\t\t<\/div>\n\t\t\t\t\t\t\t<\/div>\n\t\t<\/section>\n\t\t\t\t<section class=\"elementor-section elementor-top-section elementor-element elementor-element-a85d7fe elementor-section-boxed elementor-section-height-default elementor-section-height-default\" data-id=\"a85d7fe\" data-element_type=\"section\">\n\t\t\t\t\t\t<div class=\"elementor-container elementor-column-gap-default\">\n\t\t\t\t\t<div class=\"elementor-column elementor-col-50 elementor-top-column elementor-element elementor-element-5a17216\" data-id=\"5a17216\" data-element_type=\"column\">\n\t\t\t<div class=\"elementor-widget-wrap elementor-element-populated\">\n\t\t\t\t\t\t\t\t<div class=\"elementor-element elementor-element-115e413 elementor-widget elementor-widget-image\" data-id=\"115e413\" data-element_type=\"widget\" data-widget_type=\"image.default\">\n\t\t\t\t<div class=\"elementor-widget-container\">\n\t\t\t\t\t\t\t\t\t\t\t\t\t\t\t\t<a href=\"https:\/\/play.google.com\/store\/apps\/details?id=online.hireq&#038;gl=PL\">\n\t\t\t\t\t\t\t<img width=\"300\" height=\"169\" src=\"https:\/\/hireq.pl\/wp-content\/uploads\/2022\/11\/google-play-300x169.png\" class=\"attachment-medium size-medium wp-image-204\" alt=\"\" loading=\"lazy\" srcset=\"https:\/\/hireq.pl\/wp-content\/uploads\/2022\/11\/google-play-300x169.png 300w, https:\/\/hireq.pl\/wp-content\/uploads\/2022\/11\/google-play-1024x576.png 1024w, https:\/\/hireq.pl\/wp-content\/uploads\/2022\/11\/google-play-768x432.png 768w, https:\/\/hireq.pl\/wp-content\/uploads\/2022\/11\/google-play-1536x864.png 1536w, https:\/\/hireq.pl\/wp-content\/uploads\/2022\/11\/google-play.png 1920w\" sizes=\"(max-width: 300px) 100vw, 300px\" \/>\t\t\t\t\t\t\t\t<\/a>\n\t\t\t\t\t\t\t\t\t\t\t\t\t\t\t<\/div>\n\t\t\t\t<\/div>\n\t\t\t\t\t<\/div>\n\t\t<\/div>\n\t\t\t\t<div class=\"elementor-column elementor-col-50 elementor-top-column elementor-element elementor-element-f2baaa0\" data-id=\"f2baaa0\" data-element_type=\"column\">\n\t\t\t<div class=\"elementor-widget-wrap elementor-element-populated\">\n\t\t\t\t\t\t\t\t<div class=\"elementor-element elementor-element-e3abd74 elementor-widget elementor-widget-image\" data-id=\"e3abd74\" data-element_type=\"widget\" data-widget_type=\"image.default\">\n\t\t\t\t<div class=\"elementor-widget-container\">\n\t\t\t\t\t\t\t\t\t\t\t\t\t\t\t\t<a href=\"https:\/\/apps.apple.com\/pl\/app\/hireq-app\/id1623340262?l=pl\">\n\t\t\t\t\t\t\t<img width=\"300\" height=\"169\" src=\"https:\/\/hireq.pl\/wp-content\/uploads\/2022\/11\/appstore-300x169.png\" class=\"attachment-medium size-medium wp-image-203\" alt=\"\" loading=\"lazy\" srcset=\"https:\/\/hireq.pl\/wp-content\/uploads\/2022\/11\/appstore-300x169.png 300w, https:\/\/hireq.pl\/wp-content\/uploads\/2022\/11\/appstore-1024x576.png 1024w, https:\/\/hireq.pl\/wp-content\/uploads\/2022\/11\/appstore-768x432.png 768w, https:\/\/hireq.pl\/wp-content\/uploads\/2022\/11\/appstore-1536x864.png 1536w, https:\/\/hireq.pl\/wp-content\/uploads\/2022\/11\/appstore.png 1920w\" sizes=\"(max-width: 300px) 100vw, 300px\" \/>\t\t\t\t\t\t\t\t<\/a>\n\t\t\t\t\t\t\t\t\t\t\t\t\t\t\t<\/div>\n\t\t\t\t<\/div>\n\t\t\t\t\t<\/div>\n\t\t<\/div>\n\t\t\t\t\t\t\t<\/div>\n\t\t<\/section>\n\t\t\t\t\t\t\t<\/div>\n\t\t","protected":false},"excerpt":{"rendered":"<p>Dzi\u0119kujemy \u017ce tu jeste\u015b. Przejd\u017a na nasze platformy:<\/p>\n","protected":false},"author":1,"featured_media":0,"parent":0,"menu_order":0,"comment_status":"closed","ping_status":"closed","template":"","meta":{"om_disable_all_campaigns":false,"_mi_skip_tracking":false},"aioseo_notices":[],"_links":{"self":[{"href":"https:\/\/hireq.pl\/index.php\/wp-json\/wp\/v2\/pages\/251"}],"collection":[{"href":"https:\/\/hireq.pl\/index.php\/wp-json\/wp\/v2\/pages"}],"about":[{"href":"https:\/\/hireq.pl\/index.php\/wp-json\/wp\/v2\/types\/page"}],"author":[{"embeddable":true,"href":"https:\/\/hireq.pl\/index.php\/wp-json\/wp\/v2\/users\/1"}],"replies":[{"embeddable":true,"href":"https:\/\/hireq.pl\/index.php\/wp-json\/wp\/v2\/comments?post=251"}],"version-history":[{"count":17,"href":"https:\/\/hireq.pl\/index.php\/wp-json\/wp\/v2\/pages\/251\/revisions"}],"predecessor-version":[{"id":278,"href":"https:\/\/hireq.pl\/index.php\/wp-json\/wp\/v2\/pages\/251\/revisions\/278"}],"wp:attachment":[{"href":"https:\/\/hireq.pl\/index.php\/wp-json\/wp\/v2\/media?parent=251"}],"curies":[{"name":"wp","href":"https:\/\/api.w.org\/{rel}","templated":true}]}}